{"id":3,"date":"2024-03-05T23:43:06","date_gmt":"2024-03-05T22:43:06","guid":{"rendered":"https:\/\/www.z3dworks.cz\/?page_id=3"},"modified":"2024-05-28T22:41:07","modified_gmt":"2024-05-28T20:41:07","slug":"ochrana-osobnich-udaju","status":"publish","type":"page","link":"https:\/\/layerfactory.cz\/en\/ochrana-osobnich-udaju\/","title":{"rendered":"Ochrana osobn\u00edch \u00fadaj\u016f"},"content":{"rendered":"<div data-elementor-type=\"wp-page\" data-elementor-id=\"3\" class=\"elementor elementor-3\">\n\t\t\t\t<div class=\"elementor-element elementor-element-39828196 e-flex e-con-boxed e-con e-parent\" data-id=\"39828196\" data-element_type=\"container\">\n\t\t\t\t\t<div class=\"e-con-inner\">\n\t\t\t\t<div class=\"elementor-element elementor-element-0bb440e elementor-widget elementor-widget-heading\" data-id=\"0bb440e\" data-element_type=\"widget\" data-widget_type=\"heading.default\">\n\t\t\t\t<div class=\"elementor-widget-container\">\n\t\t\t<style>\/*! elementor - v3.21.0 - 08-05-2024 *\/\n.elementor-heading-title{padding:0;margin:0;line-height:1}.elementor-widget-heading .elementor-heading-title[class*=elementor-size-]>a{color:inherit;font-size:inherit;line-height:inherit}.elementor-widget-heading .elementor-heading-title.elementor-size-small{font-size:15px}.elementor-widget-heading .elementor-heading-title.elementor-size-medium{font-size:19px}.elementor-widget-heading .elementor-heading-title.elementor-size-large{font-size:29px}.elementor-widget-heading .elementor-heading-title.elementor-size-xl{font-size:39px}.elementor-widget-heading .elementor-heading-title.elementor-size-xxl{font-size:59px}<\/style><h2 class=\"elementor-heading-title elementor-size-default\">Privacy Policy<\/h2>\t\t<\/div>\n\t\t\t\t<\/div>\n\t\t\t\t\t<\/div>\n\t\t\t\t<\/div>\n\t\t<div class=\"elementor-element elementor-element-ac84780 e-flex e-con-boxed e-con e-parent\" data-id=\"ac84780\" data-element_type=\"container\">\n\t\t\t\t\t<div class=\"e-con-inner\">\n\t\t\t\t<div class=\"elementor-element elementor-element-fad8b3a elementor-widget elementor-widget-text-editor\" data-id=\"fad8b3a\" data-element_type=\"widget\" data-widget_type=\"text-editor.default\">\n\t\t\t\t<div class=\"elementor-widget-container\">\n\t\t\t<style>\/*! elementor - v3.21.0 - 08-05-2024 *\/\n.elementor-widget-text-editor.elementor-drop-cap-view-stacked .elementor-drop-cap{background-color:#69727d;color:#fff}.elementor-widget-text-editor.elementor-drop-cap-view-framed .elementor-drop-cap{color:#69727d;border:3px solid;background-color:transparent}.elementor-widget-text-editor:not(.elementor-drop-cap-view-default) .elementor-drop-cap{margin-top:8px}.elementor-widget-text-editor:not(.elementor-drop-cap-view-default) .elementor-drop-cap-letter{width:1em;height:1em}.elementor-widget-text-editor .elementor-drop-cap{float:left;text-align:center;line-height:1;font-size:50px}.elementor-widget-text-editor .elementor-drop-cap-letter{display:inline-block}<\/style>\t\t\t\t<p><strong>I. Basic provisions<\/strong><\/p><p class=\" translation-block\">The administrator of personal data in accordance with Article 4 point 7 of Regulation (EU) 2016\/679 of the European Parliament and of the Council on the protection of natural persons in connection with the processing of personal data and on the free movement of such data (hereinafter: \"GDPR\" ) is LayerFactory s.r.o. I\u010c 21621667: <br>with registered office Nov\u00e9 sady 988\/2, 602 00 Brno (hereinafter: <strong>\"administrator\"<\/strong>).<\/p><p>The administrator's contact details are:<\/p><p class=\" translation-block\">address: Nov\u00e9 sady 988\/2, 602 00 Brno<br>email: info@layerfactory.cz<br>phone: +420 731 187 728<\/p><p>Personal data means any information about an identified or identifiable natural person; an identifiable natural person is a natural person who can be directly or indirectly identified, in particular by reference to a certain identifier, for example a name, identification number, location data, network identifier or to one or more special elements of physical, physiological, genetic, psychological, economic, cultural or social identity of this natural person.<\/p><p>The administrator has not appointed a personal data protection officer.<\/p><p><strong>II. Sources and categories of processed personal data<\/strong><\/p><p>The administrator processes personal data that you have provided to him\/her or personal data that the administrator has obtained based on the fulfillment of your order.<\/p><p>The administrator processes your identification and contact data and the data necessary for the performance of the contract.<\/p><p><strong>III. Lawful reason and purpose for processing personal data<\/strong><\/p><p>The legal reason for processing personal data is<\/p><ul><li>performance of the contract between you and the administrator according to Article 6 paragraph 1 letter b) GDPR,<\/li><li>the administrator's legitimate interest in providing direct marketing (in particular for sending commercial messages and newsletters) according to Article 6 paragraph 1 letter f) GDPR,<\/li><li>V\u00e1\u0161 souhlas se zpracov\u00e1n\u00edm pro \u00fa\u010dely poskytov\u00e1n\u00ed p\u0159\u00edm\u00e9ho marketingu (zejm\u00e9na pro zas\u00edl\u00e1n\u00ed obchodn\u00edch sd\u011blen\u00ed a\u00a0newsletter\u016f) podle \u010dl. 6 odst. 1 p\u00edsm. a) GDPR ve spojen\u00ed s\u00a0\u00a7 7 odst. 2 z\u00e1kona \u010d.\u00a0480\/2004 Sb., o\u00a0n\u011bkter\u00fdch slu\u017eb\u00e1ch informa\u010dn\u00ed spole\u010dnosti v\u00a0p\u0159\u00edpad\u011b, \u017ee nedo\u0161lo k\u00a0objedn\u00e1vce zbo\u017e\u00ed nebo slu\u017eby.<\/li><\/ul><p>\u00da\u010delem zpracov\u00e1n\u00ed osobn\u00edch \u00fadaj\u016f je<\/p><ul><li>vy\u0159\u00edzen\u00ed Va\u0161\u00ed objedn\u00e1vky a\u00a0v\u00fdkon pr\u00e1v a\u00a0povinnost\u00ed vypl\u00fdvaj\u00edc\u00edch ze smluvn\u00edho vztahu mezi V\u00e1mi a\u00a0spr\u00e1vcem; p\u0159i\u00a0objedn\u00e1vce jsou vy\u017eadov\u00e1ny osobn\u00ed \u00fadaje, kter\u00e9 jsou nutn\u00e9 pro \u00fasp\u011b\u0161n\u00e9 vy\u0159\u00edzen\u00ed objedn\u00e1vky (jm\u00e9no a\u00a0adresa, kontakt), poskytnut\u00ed osobn\u00edch \u00fadaj\u016f je nutn\u00fdm po\u017eadavkem pro uzav\u0159en\u00ed a\u00a0pln\u011bn\u00ed smlouvy, bez poskytnut\u00ed osobn\u00edch \u00fadaj\u016f nen\u00ed mo\u017en\u00e9 smlouvu uzav\u0159\u00edt \u010di\u00a0j\u00ed ze strany spr\u00e1vce plnit,<\/li><li>sending commercial communications and doing other marketing activities.<\/li><\/ul><p>There is no automatic individual decision-making by the administrator in the sense of Article 22 of the GDPR. You have given your express consent to such processing.<\/p><p><strong>IV. Data retention period<\/strong><\/p><p>The administrator stores personal data<\/p><ul><li>for the period necessary for the performance of rights and obligations arising from the contractual relationship between you and the administrator and the exercise of claims from these contractual relationships (for a period of 15 years from the termination of the contractual relationship).<\/li><li>for the period until consent to the processing of personal data for marketing purposes is revoked, a maximum of 5 years, if personal data is processed on the basis of consent.<\/li><\/ul><p>After the personal data retention period has expired, the administrator deletes the personal data.<\/p><p><strong>V. Recipients of personal data (subcontractors of the controller)<\/strong><\/p><p>Recipients of personal data are persons<\/p><ul><li>participating in the delivery of goods \/ services \/ realization of payments based on the contract,<\/li><li>involved in ensuring the operation of services,<\/li><li>providing marketing services.<\/li><\/ul><p>The administrator does not intend to transfer personal data to a third country (a country outside the EU) or an international organization. Recipients of personal data in third countries are providers of mailing services \/ cloud services.<\/p><p><strong>VI. Your rights<\/strong><\/p><p>Under the terms set out in the GDPR, you have<\/p><ul><li>the right to access your personal data according to Article 15 GDPR,<\/li><li>the right to correct personal data according to Article 16 of the GDPR, or to restrict processing according to Article 18 of the GDPR.<\/li><li>the right to erasure of personal data according to Article 17 GDPR.<\/li><li>the right to object to processing according to Article 21 GDPR<\/li><li>the right to data portability according to Article 20 GDPR.<\/li><li>the right to withdraw consent to processing in writing or electronically to the address or email address of the administrator listed in Article III of these terms and conditions.<\/li><\/ul><p>You also have the right to file a complaint with the Office for the Protection of Personal Data if you believe that your right to the protection of personal data has been violated.<\/p><p><strong>VII. Terms of security of personal data<\/strong><\/p><p>The controller declares that it has taken all appropriate technical and organizational measures to secure personal data.<\/p><p>The Administrator has taken technical measures to secure data stores and personal data stores in documentary form.<\/p><p>The administrator declares that only persons authorized by him have access to personal data.<\/p><p><strong>VIII. Final Provisions<\/strong><\/p><p>By submitting an order from the online order form, you confirm that you are familiar with the terms of personal data protection and that you accept them in their entirety.<\/p><p>You agree to these terms and conditions by ticking your consent via the online form. By ticking the consent box, you confirm that you are familiar with the terms of personal data protection and that you accept them in their entirety.<\/p><p>The administrator is authorized to change these conditions. It will publish a new version of the terms of personal data protection on its website, or send you a new version of these terms to the e-mail address you provided to the administrator.<\/p><p>These terms and conditions become effective on\u00a0<strong>1.1.2024<\/strong>.<\/p>\t\t\t\t\t\t<\/div>\n\t\t\t\t<\/div>\n\t\t\t\t\t<\/div>\n\t\t\t\t<\/div>\n\t\t\t\t<\/div>","protected":false},"excerpt":{"rendered":"<p>Z\u00e1sady ochrany osobn\u00edch \u00fadaj\u016f I. Z\u00e1kladn\u00ed ustanoven\u00ed Spr\u00e1vcem osobn\u00edch \u00fadaj\u016f podle \u010dl. 4 bod 7 na\u0159\u00edzen\u00ed Evropsk\u00e9ho parlamentu a\u00a0Rady (EU) 2016\/679 o\u00a0ochran\u011b fyzick\u00fdch osob v\u00a0souvislosti se zpracov\u00e1n\u00edm osobn\u00edch \u00fadaj\u016f a\u00a0o\u00a0voln\u00e9m pohybu t\u011bchto \u00fadaj\u016f (d\u00e1le jen:\u00a0\u201eGDPR\u201d) je LayerFactory s.r.o. I\u010c 21621667:\u00a0 se s\u00eddlem Nov\u00e9 sady 988\/2, 602 00 Brno (d\u00e1le jen: \u201espr\u00e1vce\u201c). Kontaktn\u00ed \u00fadaje spr\u00e1vce jsou: [&hellip;]<\/p>","protected":false},"author":1,"featured_media":0,"parent":0,"menu_order":0,"comment_status":"closed","ping_status":"closed","template":"","meta":{"footnotes":""},"blocksy_meta":[],"yoast_head":"<!-- This site is optimized with the Yoast SEO plugin v22.6 - https:\/\/yoast.com\/wordpress\/plugins\/seo\/ -->\n<title>Ochrana osobn\u00edch \u00fadaj\u016f - LayerFactory<\/title>\n<meta name=\"robots\" content=\"index, follow, max-snippet:-1, max-image-preview:large, max-video-preview:-1\" \/>\n<link rel=\"canonical\" href=\"https:\/\/layerfactory.cz\/en\/ochrana-osobnich-udaju\/\" \/>\n<meta property=\"og:locale\" content=\"en_GB\" \/>\n<meta property=\"og:type\" content=\"article\" \/>\n<meta property=\"og:title\" content=\"Ochrana osobn\u00edch \u00fadaj\u016f - LayerFactory\" \/>\n<meta property=\"og:description\" content=\"Z\u00e1sady ochrany osobn\u00edch \u00fadaj\u016f I. Z\u00e1kladn\u00ed ustanoven\u00ed Spr\u00e1vcem osobn\u00edch \u00fadaj\u016f podle \u010dl. 4 bod 7 na\u0159\u00edzen\u00ed Evropsk\u00e9ho parlamentu a\u00a0Rady (EU) 2016\/679 o\u00a0ochran\u011b fyzick\u00fdch osob v\u00a0souvislosti se zpracov\u00e1n\u00edm osobn\u00edch \u00fadaj\u016f a\u00a0o\u00a0voln\u00e9m pohybu t\u011bchto \u00fadaj\u016f (d\u00e1le jen:\u00a0\u201eGDPR\u201d) je LayerFactory s.r.o. I\u010c 21621667:\u00a0 se s\u00eddlem Nov\u00e9 sady 988\/2, 602 00 Brno (d\u00e1le jen: \u201espr\u00e1vce\u201c). Kontaktn\u00ed \u00fadaje spr\u00e1vce jsou: [&hellip;]\" \/>\n<meta property=\"og:url\" content=\"https:\/\/layerfactory.cz\/en\/ochrana-osobnich-udaju\/\" \/>\n<meta property=\"og:site_name\" content=\"LayerFactory\" \/>\n<meta property=\"article:modified_time\" content=\"2024-05-28T20:41:07+00:00\" \/>\n<meta name=\"twitter:card\" content=\"summary_large_image\" \/>\n<meta name=\"twitter:label1\" content=\"Estimated reading time\" \/>\n\t<meta name=\"twitter:data1\" content=\"5 minutes\" \/>\n<script type=\"application\/ld+json\" class=\"yoast-schema-graph\">{\"@context\":\"https:\/\/schema.org\",\"@graph\":[{\"@type\":\"WebPage\",\"@id\":\"https:\/\/layerfactory.cz\/ochrana-osobnich-udaju\/\",\"url\":\"https:\/\/layerfactory.cz\/ochrana-osobnich-udaju\/\",\"name\":\"Ochrana osobn\u00edch \u00fadaj\u016f - LayerFactory\",\"isPartOf\":{\"@id\":\"https:\/\/layerfactory.cz\/#website\"},\"datePublished\":\"2024-03-05T22:43:06+00:00\",\"dateModified\":\"2024-05-28T20:41:07+00:00\",\"breadcrumb\":{\"@id\":\"https:\/\/layerfactory.cz\/ochrana-osobnich-udaju\/#breadcrumb\"},\"inLanguage\":\"en-GB\",\"potentialAction\":[{\"@type\":\"ReadAction\",\"target\":[\"https:\/\/layerfactory.cz\/ochrana-osobnich-udaju\/\"]}]},{\"@type\":\"BreadcrumbList\",\"@id\":\"https:\/\/layerfactory.cz\/ochrana-osobnich-udaju\/#breadcrumb\",\"itemListElement\":[{\"@type\":\"ListItem\",\"position\":1,\"name\":\"Dom\u016f\",\"item\":\"https:\/\/layerfactory.cz\/\"},{\"@type\":\"ListItem\",\"position\":2,\"name\":\"Ochrana osobn\u00edch \u00fadaj\u016f\"}]},{\"@type\":\"WebSite\",\"@id\":\"https:\/\/layerfactory.cz\/#website\",\"url\":\"https:\/\/layerfactory.cz\/\",\"name\":\"LayerFactory\",\"description\":\"LayerFactory | V\u00e1\u0161 pr\u016fmyslov\u00fd dodavatel 3D tisku\",\"publisher\":{\"@id\":\"https:\/\/layerfactory.cz\/#organization\"},\"potentialAction\":[{\"@type\":\"SearchAction\",\"target\":{\"@type\":\"EntryPoint\",\"urlTemplate\":\"https:\/\/layerfactory.cz\/?s={search_term_string}\"},\"query-input\":\"required name=search_term_string\"}],\"inLanguage\":\"en-GB\"},{\"@type\":\"Organization\",\"@id\":\"https:\/\/layerfactory.cz\/#organization\",\"name\":\"LayerFactory\",\"url\":\"https:\/\/layerfactory.cz\/\",\"logo\":{\"@type\":\"ImageObject\",\"inLanguage\":\"en-GB\",\"@id\":\"https:\/\/layerfactory.cz\/#\/schema\/logo\/image\/\",\"url\":\"https:\/\/layerfactory.cz\/wp-content\/uploads\/2024\/05\/LAYER-FACTORY-LOGO-11.png\",\"contentUrl\":\"https:\/\/layerfactory.cz\/wp-content\/uploads\/2024\/05\/LAYER-FACTORY-LOGO-11.png\",\"width\":3442,\"height\":344,\"caption\":\"LayerFactory\"},\"image\":{\"@id\":\"https:\/\/layerfactory.cz\/#\/schema\/logo\/image\/\"}}]}<\/script>\n<!-- \/ Yoast SEO plugin. -->","yoast_head_json":{"title":"Ochrana osobn\u00edch \u00fadaj\u016f - LayerFactory","robots":{"index":"index","follow":"follow","max-snippet":"max-snippet:-1","max-image-preview":"max-image-preview:large","max-video-preview":"max-video-preview:-1"},"canonical":"https:\/\/layerfactory.cz\/en\/ochrana-osobnich-udaju\/","og_locale":"en_GB","og_type":"article","og_title":"Ochrana osobn\u00edch \u00fadaj\u016f - LayerFactory","og_description":"Z\u00e1sady ochrany osobn\u00edch \u00fadaj\u016f I. Z\u00e1kladn\u00ed ustanoven\u00ed Spr\u00e1vcem osobn\u00edch \u00fadaj\u016f podle \u010dl. 4 bod 7 na\u0159\u00edzen\u00ed Evropsk\u00e9ho parlamentu a\u00a0Rady (EU) 2016\/679 o\u00a0ochran\u011b fyzick\u00fdch osob v\u00a0souvislosti se zpracov\u00e1n\u00edm osobn\u00edch \u00fadaj\u016f a\u00a0o\u00a0voln\u00e9m pohybu t\u011bchto \u00fadaj\u016f (d\u00e1le jen:\u00a0\u201eGDPR\u201d) je LayerFactory s.r.o. I\u010c 21621667:\u00a0 se s\u00eddlem Nov\u00e9 sady 988\/2, 602 00 Brno (d\u00e1le jen: \u201espr\u00e1vce\u201c). Kontaktn\u00ed \u00fadaje spr\u00e1vce jsou: [&hellip;]","og_url":"https:\/\/layerfactory.cz\/en\/ochrana-osobnich-udaju\/","og_site_name":"LayerFactory","article_modified_time":"2024-05-28T20:41:07+00:00","twitter_card":"summary_large_image","twitter_misc":{"Estimated reading time":"5 minutes"},"schema":{"@context":"https:\/\/schema.org","@graph":[{"@type":"WebPage","@id":"https:\/\/layerfactory.cz\/ochrana-osobnich-udaju\/","url":"https:\/\/layerfactory.cz\/ochrana-osobnich-udaju\/","name":"Ochrana osobn\u00edch \u00fadaj\u016f - LayerFactory","isPartOf":{"@id":"https:\/\/layerfactory.cz\/#website"},"datePublished":"2024-03-05T22:43:06+00:00","dateModified":"2024-05-28T20:41:07+00:00","breadcrumb":{"@id":"https:\/\/layerfactory.cz\/ochrana-osobnich-udaju\/#breadcrumb"},"inLanguage":"en-GB","potentialAction":[{"@type":"ReadAction","target":["https:\/\/layerfactory.cz\/ochrana-osobnich-udaju\/"]}]},{"@type":"BreadcrumbList","@id":"https:\/\/layerfactory.cz\/ochrana-osobnich-udaju\/#breadcrumb","itemListElement":[{"@type":"ListItem","position":1,"name":"Dom\u016f","item":"https:\/\/layerfactory.cz\/"},{"@type":"ListItem","position":2,"name":"Ochrana osobn\u00edch \u00fadaj\u016f"}]},{"@type":"WebSite","@id":"https:\/\/layerfactory.cz\/#website","url":"https:\/\/layerfactory.cz\/","name":"LayerFactory","description":"LayerFactory | V\u00e1\u0161 pr\u016fmyslov\u00fd dodavatel 3D tisku","publisher":{"@id":"https:\/\/layerfactory.cz\/#organization"},"potentialAction":[{"@type":"SearchAction","target":{"@type":"EntryPoint","urlTemplate":"https:\/\/layerfactory.cz\/?s={search_term_string}"},"query-input":"required name=search_term_string"}],"inLanguage":"en-GB"},{"@type":"Organization","@id":"https:\/\/layerfactory.cz\/#organization","name":"LayerFactory","url":"https:\/\/layerfactory.cz\/","logo":{"@type":"ImageObject","inLanguage":"en-GB","@id":"https:\/\/layerfactory.cz\/#\/schema\/logo\/image\/","url":"https:\/\/layerfactory.cz\/wp-content\/uploads\/2024\/05\/LAYER-FACTORY-LOGO-11.png","contentUrl":"https:\/\/layerfactory.cz\/wp-content\/uploads\/2024\/05\/LAYER-FACTORY-LOGO-11.png","width":3442,"height":344,"caption":"LayerFactory"},"image":{"@id":"https:\/\/layerfactory.cz\/#\/schema\/logo\/image\/"}}]}},"_links":{"self":[{"href":"https:\/\/layerfactory.cz\/en\/wp-json\/wp\/v2\/pages\/3"}],"collection":[{"href":"https:\/\/layerfactory.cz\/en\/wp-json\/wp\/v2\/pages"}],"about":[{"href":"https:\/\/layerfactory.cz\/en\/wp-json\/wp\/v2\/types\/page"}],"author":[{"embeddable":true,"href":"https:\/\/layerfactory.cz\/en\/wp-json\/wp\/v2\/users\/1"}],"replies":[{"embeddable":true,"href":"https:\/\/layerfactory.cz\/en\/wp-json\/wp\/v2\/comments?post=3"}],"version-history":[{"count":6,"href":"https:\/\/layerfactory.cz\/en\/wp-json\/wp\/v2\/pages\/3\/revisions"}],"predecessor-version":[{"id":3334,"href":"https:\/\/layerfactory.cz\/en\/wp-json\/wp\/v2\/pages\/3\/revisions\/3334"}],"wp:attachment":[{"href":"https:\/\/layerfactory.cz\/en\/wp-json\/wp\/v2\/media?parent=3"}],"curies":[{"name":"wp","href":"https:\/\/api.w.org\/{rel}","templated":true}]}}