{"id":785,"date":"2022-06-09T16:32:01","date_gmt":"2022-06-09T16:32:01","guid":{"rendered":"https:\/\/demo.creativethemes.com\/elementor\/persona\/?page_id=785"},"modified":"2025-04-04T08:49:51","modified_gmt":"2025-04-04T06:49:51","slug":"kontakt","status":"publish","type":"page","link":"https:\/\/layerfactory.cz\/en\/kontakt\/","title":{"rendered":"Contact"},"content":{"rendered":"<div data-elementor-type=\"wp-page\" data-elementor-id=\"785\" class=\"elementor elementor-785\">\n\t\t\t\t<div class=\"elementor-element elementor-element-076a16b e-flex e-con-boxed e-con e-parent\" data-id=\"076a16b\" data-element_type=\"container\">\n\t\t\t\t\t<div class=\"e-con-inner\">\n\t\t<div class=\"elementor-element elementor-element-089ebc2 e-flex e-con-boxed e-con e-child\" data-id=\"089ebc2\" data-element_type=\"container\">\n\t\t\t\t\t<div class=\"e-con-inner\">\n\t\t\t\t<div class=\"elementor-element elementor-element-61af12e e-transform elementor-widget elementor-widget-heading\" data-id=\"61af12e\" data-element_type=\"widget\" data-settings=\"{&quot;_transform_skewX_effect&quot;:{&quot;unit&quot;:&quot;px&quot;,&quot;size&quot;:0,&quot;sizes&quot;:[]},&quot;_transform_skewX_effect_tablet&quot;:{&quot;unit&quot;:&quot;deg&quot;,&quot;size&quot;:&quot;&quot;,&quot;sizes&quot;:[]},&quot;_transform_skewX_effect_mobile&quot;:{&quot;unit&quot;:&quot;deg&quot;,&quot;size&quot;:&quot;&quot;,&quot;sizes&quot;:[]},&quot;_transform_skewY_effect&quot;:{&quot;unit&quot;:&quot;px&quot;,&quot;size&quot;:&quot;&quot;,&quot;sizes&quot;:[]},&quot;_transform_skewY_effect_tablet&quot;:{&quot;unit&quot;:&quot;deg&quot;,&quot;size&quot;:&quot;&quot;,&quot;sizes&quot;:[]},&quot;_transform_skewY_effect_mobile&quot;:{&quot;unit&quot;:&quot;deg&quot;,&quot;size&quot;:&quot;&quot;,&quot;sizes&quot;:[]}}\" data-widget_type=\"heading.default\">\n\t\t\t\t<div class=\"elementor-widget-container\">\n\t\t\t<style>\/*! elementor - v3.21.0 - 08-05-2024 *\/\n.elementor-heading-title{padding:0;margin:0;line-height:1}.elementor-widget-heading .elementor-heading-title[class*=elementor-size-]>a{color:inherit;font-size:inherit;line-height:inherit}.elementor-widget-heading .elementor-heading-title.elementor-size-small{font-size:15px}.elementor-widget-heading .elementor-heading-title.elementor-size-medium{font-size:19px}.elementor-widget-heading .elementor-heading-title.elementor-size-large{font-size:29px}.elementor-widget-heading .elementor-heading-title.elementor-size-xl{font-size:39px}.elementor-widget-heading .elementor-heading-title.elementor-size-xxl{font-size:59px}<\/style><h2 class=\"elementor-heading-title elementor-size-default\">Contact<\/h2>\t\t<\/div>\n\t\t\t\t<\/div>\n\t\t\t\t\t<\/div>\n\t\t\t\t<\/div>\n\t\t\t\t\t<\/div>\n\t\t\t\t<\/div>\n\t\t<div class=\"elementor-element elementor-element-3af31ee e-flex e-con-boxed e-con e-parent\" data-id=\"3af31ee\" data-element_type=\"container\">\n\t\t\t\t\t<div class=\"e-con-inner\">\n\t\t<div class=\"elementor-element elementor-element-3d0199d4 e-con-full e-transform e-flex e-con e-child\" data-id=\"3d0199d4\" data-element_type=\"container\" data-settings=\"{&quot;background_background&quot;:&quot;classic&quot;,&quot;_transform_scale_effect_hover&quot;:{&quot;unit&quot;:&quot;px&quot;,&quot;size&quot;:1.0500000000000000444089209850062616169452667236328125,&quot;sizes&quot;:[]},&quot;_transform_scale_effect_hover_tablet&quot;:{&quot;unit&quot;:&quot;px&quot;,&quot;size&quot;:&quot;&quot;,&quot;sizes&quot;:[]},&quot;_transform_scale_effect_hover_mobile&quot;:{&quot;unit&quot;:&quot;px&quot;,&quot;size&quot;:&quot;&quot;,&quot;sizes&quot;:[]}}\">\n\t\t\t\t<div class=\"elementor-element elementor-element-3ab5ff39 elementor-view-default elementor-position-top elementor-mobile-position-top elementor-widget elementor-widget-icon-box\" data-id=\"3ab5ff39\" data-element_type=\"widget\" data-widget_type=\"icon-box.default\">\n\t\t\t\t<div class=\"elementor-widget-container\">\n\t\t\t<link rel=\"stylesheet\" href=\"https:\/\/layerfactory.cz\/wp-content\/plugins\/elementor\/assets\/css\/widget-icon-box.min.css\">\t\t<div class=\"elementor-icon-box-wrapper\">\n\n\t\t\t\t\t\t<div class=\"elementor-icon-box-icon\">\n\t\t\t\t<span  class=\"elementor-icon elementor-animation-\">\n\t\t\t\t<svg aria-hidden=\"true\" class=\"e-font-icon-svg e-far-envelope\" viewbox=\"0 0 512 512\" xmlns=\"http:\/\/www.w3.org\/2000\/svg\"><path d=\"M464 64H48C21.49 64 0 85.49 0 112v288c0 26.51 21.49 48 48 48h416c26.51 0 48-21.49 48-48V112c0-26.51-21.49-48-48-48zm0 48v40.805c-22.422 18.259-58.168 46.651-134.587 106.49-16.841 13.247-50.201 45.072-73.413 44.701-23.208.375-56.579-31.459-73.413-44.701C106.18 199.465 70.425 171.067 48 152.805V112h416zM48 400V214.398c22.914 18.251 55.409 43.862 104.938 82.646 21.857 17.205 60.134 55.186 103.062 54.955 42.717.231 80.509-37.199 103.053-54.947 49.528-38.783 82.032-64.401 104.947-82.653V400H48z\"><\/path><\/svg>\t\t\t\t<\/span>\n\t\t\t<\/div>\n\t\t\t\n\t\t\t\t\t\t<div class=\"elementor-icon-box-content\">\n\n\t\t\t\t\t\t\t\t\t<h3 class=\"elementor-icon-box-title\">\n\t\t\t\t\t\t<span  >\n\t\t\t\t\t\t\tE-mail\t\t\t\t\t\t<\/span>\n\t\t\t\t\t<\/h3>\n\t\t\t\t\n\t\t\t\t\n\t\t\t<\/div>\n\t\t\t\n\t\t<\/div>\n\t\t\t\t<\/div>\n\t\t\t\t<\/div>\n\t\t\t\t<div class=\"elementor-element elementor-element-689b547 elementor-widget elementor-widget-heading\" data-id=\"689b547\" data-element_type=\"widget\" data-widget_type=\"heading.default\">\n\t\t\t\t<div class=\"elementor-widget-container\">\n\t\t\t<h3 class=\"elementor-heading-title elementor-size-default\"><a href=\"mailto:info@layerfactory.cz\">info@layerfactory.cz<\/a><\/h3>\t\t<\/div>\n\t\t\t\t<\/div>\n\t\t\t\t<\/div>\n\t\t<div class=\"elementor-element elementor-element-23e6bfe8 e-con-full e-transform e-flex e-con e-child\" data-id=\"23e6bfe8\" data-element_type=\"container\" data-settings=\"{&quot;background_background&quot;:&quot;classic&quot;,&quot;_transform_scale_effect_hover&quot;:{&quot;unit&quot;:&quot;px&quot;,&quot;size&quot;:1.0500000000000000444089209850062616169452667236328125,&quot;sizes&quot;:[]},&quot;_transform_scale_effect_hover_tablet&quot;:{&quot;unit&quot;:&quot;px&quot;,&quot;size&quot;:&quot;&quot;,&quot;sizes&quot;:[]},&quot;_transform_scale_effect_hover_mobile&quot;:{&quot;unit&quot;:&quot;px&quot;,&quot;size&quot;:&quot;&quot;,&quot;sizes&quot;:[]}}\">\n\t\t\t\t<div class=\"elementor-element elementor-element-1d17c13a elementor-view-default elementor-position-top elementor-mobile-position-top elementor-widget elementor-widget-icon-box\" data-id=\"1d17c13a\" data-element_type=\"widget\" data-widget_type=\"icon-box.default\">\n\t\t\t\t<div class=\"elementor-widget-container\">\n\t\t\t\t\t<div class=\"elementor-icon-box-wrapper\">\n\n\t\t\t\t\t\t<div class=\"elementor-icon-box-icon\">\n\t\t\t\t<span  class=\"elementor-icon elementor-animation-\">\n\t\t\t\t<svg aria-hidden=\"true\" class=\"e-font-icon-svg e-fas-map-marker-alt\" viewbox=\"0 0 384 512\" xmlns=\"http:\/\/www.w3.org\/2000\/svg\"><path d=\"M172.268 501.67C26.97 291.031 0 269.413 0 192 0 85.961 85.961 0 192 0s192 85.961 192 192c0 77.413-26.97 99.031-172.268 309.67-9.535 13.774-29.93 13.773-39.464 0zM192 272c44.183 0 80-35.817 80-80s-35.817-80-80-80-80 35.817-80 80 35.817 80 80 80z\"><\/path><\/svg>\t\t\t\t<\/span>\n\t\t\t<\/div>\n\t\t\t\n\t\t\t\t\t\t<div class=\"elementor-icon-box-content\">\n\n\t\t\t\t\t\t\t\t\t<h3 class=\"elementor-icon-box-title\">\n\t\t\t\t\t\t<span  >\n\t\t\t\t\t\t\tLayerFactory s.r.o.\t\t\t\t\t\t<\/span>\n\t\t\t\t\t<\/h3>\n\t\t\t\t\n\t\t\t\t\t\t\t\t\t<p class=\"elementor-icon-box-description\">\n\t\t\t\t\t\tI\u010cO: 21621667 <br>\nDI\u010c: CZ21621667<br>\nS\u00eddlo: Nov\u00e9 sady 988\/2, 602 00 Brno<br>\nProvozovna: Vod\u00e1\u0159sk\u00e1 17, 619 00 Brno\t\t\t\t\t<\/p>\n\t\t\t\t\n\t\t\t<\/div>\n\t\t\t\n\t\t<\/div>\n\t\t\t\t<\/div>\n\t\t\t\t<\/div>\n\t\t\t\t<\/div>\n\t\t<div class=\"elementor-element elementor-element-2d050f7d e-con-full e-transform e-flex e-con e-child\" data-id=\"2d050f7d\" data-element_type=\"container\" data-settings=\"{&quot;background_background&quot;:&quot;classic&quot;,&quot;_transform_scale_effect_hover&quot;:{&quot;unit&quot;:&quot;px&quot;,&quot;size&quot;:1.0500000000000000444089209850062616169452667236328125,&quot;sizes&quot;:[]},&quot;_transform_scale_effect_hover_tablet&quot;:{&quot;unit&quot;:&quot;px&quot;,&quot;size&quot;:&quot;&quot;,&quot;sizes&quot;:[]},&quot;_transform_scale_effect_hover_mobile&quot;:{&quot;unit&quot;:&quot;px&quot;,&quot;size&quot;:&quot;&quot;,&quot;sizes&quot;:[]}}\">\n\t\t\t\t<div class=\"elementor-element elementor-element-18a43565 elementor-view-default elementor-position-top elementor-mobile-position-top elementor-widget elementor-widget-icon-box\" data-id=\"18a43565\" data-element_type=\"widget\" data-widget_type=\"icon-box.default\">\n\t\t\t\t<div class=\"elementor-widget-container\">\n\t\t\t\t\t<div class=\"elementor-icon-box-wrapper\">\n\n\t\t\t\t\t\t<div class=\"elementor-icon-box-icon\">\n\t\t\t\t<span  class=\"elementor-icon elementor-animation-\">\n\t\t\t\t<svg aria-hidden=\"true\" class=\"e-font-icon-svg e-fas-phone-alt\" viewbox=\"0 0 512 512\" xmlns=\"http:\/\/www.w3.org\/2000\/svg\"><path d=\"M497.39 361.8l-112-48a24 24 0 0 0-28 6.9l-49.6 60.6A370.66 370.66 0 0 1 130.6 204.11l60.6-49.6a23.94 23.94 0 0 0 6.9-28l-48-112A24.16 24.16 0 0 0 122.6.61l-104 24A24 24 0 0 0 0 48c0 256.5 207.9 464 464 464a24 24 0 0 0 23.4-18.6l24-104a24.29 24.29 0 0 0-14.01-27.6z\"><\/path><\/svg>\t\t\t\t<\/span>\n\t\t\t<\/div>\n\t\t\t\n\t\t\t\t\t\t<div class=\"elementor-icon-box-content\">\n\n\t\t\t\t\t\t\t\t\t<h3 class=\"elementor-icon-box-title\">\n\t\t\t\t\t\t<span  >\n\t\t\t\t\t\t\tPhone\t\t\t\t\t\t<\/span>\n\t\t\t\t\t<\/h3>\n\t\t\t\t\n\t\t\t\t\n\t\t\t<\/div>\n\t\t\t\n\t\t<\/div>\n\t\t\t\t<\/div>\n\t\t\t\t<\/div>\n\t\t\t\t<div class=\"elementor-element elementor-element-4ba062a elementor-widget elementor-widget-heading\" data-id=\"4ba062a\" data-element_type=\"widget\" data-widget_type=\"heading.default\">\n\t\t\t\t<div class=\"elementor-widget-container\">\n\t\t\t<h3 class=\"elementor-heading-title elementor-size-default\"><a href=\"tel:731 187 728\" rel=\"nofollow\">+420 731 187 728<\/a><\/h3>\t\t<\/div>\n\t\t\t\t<\/div>\n\t\t\t\t<\/div>\n\t\t\t\t\t<\/div>\n\t\t\t\t<\/div>\n\t\t<div class=\"elementor-element elementor-element-f07a4ac e-flex e-con-boxed e-con e-parent\" data-id=\"f07a4ac\" data-element_type=\"container\">\n\t\t\t\t\t<div class=\"e-con-inner\">\n\t\t\t\t<div class=\"elementor-element elementor-element-4d37e6c elementor-widget elementor-widget-google_maps\" data-id=\"4d37e6c\" data-element_type=\"widget\" data-widget_type=\"google_maps.default\">\n\t\t\t\t<div class=\"elementor-widget-container\">\n\t\t\t<style>\/*! elementor - v3.21.0 - 08-05-2024 *\/\n.elementor-widget-google_maps .elementor-widget-container{overflow:hidden}.elementor-widget-google_maps .elementor-custom-embed{line-height:0}.elementor-widget-google_maps iframe{height:300px}<\/style>\t\t<div class=\"elementor-custom-embed\">\n\t\t\t<iframe loading=\"lazy\"\n\t\t\t\t\tsrc=\"https:\/\/maps.google.com\/maps?q=Voda%C5%99sk%C3%A1%2017&#038;t=m&#038;z=14&#038;output=embed&#038;iwloc=near\"\n\t\t\t\t\ttitle=\"Voda\u0159sk\u00e1 17\"\n\t\t\t\t\taria-label=\"Voda\u0159sk\u00e1 17\"\n\t\t\t><\/iframe>\n\t\t<\/div>\n\t\t\t\t<\/div>\n\t\t\t\t<\/div>\n\t\t\t\t\t<\/div>\n\t\t\t\t<\/div>\n\t\t<div class=\"elementor-element elementor-element-0e29fba e-flex e-con-boxed e-con e-parent\" data-id=\"0e29fba\" data-element_type=\"container\">\n\t\t\t\t\t<div class=\"e-con-inner\">\n\t\t\t\t<div class=\"elementor-element elementor-element-c502d95 elementor-widget__width-initial elementor-widget elementor-widget-image\" data-id=\"c502d95\" data-element_type=\"widget\" data-widget_type=\"image.default\">\n\t\t\t\t<div class=\"elementor-widget-container\">\n\t\t\t<style>\/*! elementor - v3.21.0 - 08-05-2024 *\/\n.elementor-widget-image{text-align:center}.elementor-widget-image a{display:inline-block}.elementor-widget-image a img[src$=\".svg\"]{width:48px}.elementor-widget-image img{vertical-align:middle;display:inline-block}<\/style>\t\t\t\t\t\t\t\t\t\t<img fetchpriority=\"high\" decoding=\"async\" width=\"1536\" height=\"1024\" src=\"https:\/\/layerfactory.cz\/wp-content\/uploads\/2024\/04\/IMG-45-1536x1024.jpg\" class=\"attachment-1536x1536 size-1536x1536 wp-image-2408\" alt=\"\" srcset=\"https:\/\/layerfactory.cz\/wp-content\/uploads\/2024\/04\/IMG-45-1536x1024.jpg 1536w, https:\/\/layerfactory.cz\/wp-content\/uploads\/2024\/04\/IMG-45-300x200.jpg 300w, https:\/\/layerfactory.cz\/wp-content\/uploads\/2024\/04\/IMG-45-1024x683.jpg 1024w, https:\/\/layerfactory.cz\/wp-content\/uploads\/2024\/04\/IMG-45-768x512.jpg 768w, https:\/\/layerfactory.cz\/wp-content\/uploads\/2024\/04\/IMG-45-2048x1366.jpg 2048w\" sizes=\"(max-width: 1536px) 100vw, 1536px\" \/>\t\t\t\t\t\t\t\t\t\t\t\t\t<\/div>\n\t\t\t\t<\/div>\n\t\t<div class=\"elementor-element elementor-element-b466c0f e-con-full e-flex e-con e-child\" data-id=\"b466c0f\" data-element_type=\"container\">\n\t\t\t\t<div class=\"elementor-element elementor-element-710c320 elementor-widget elementor-widget-text-editor\" data-id=\"710c320\" data-element_type=\"widget\" data-widget_type=\"text-editor.default\">\n\t\t\t\t<div class=\"elementor-widget-container\">\n\t\t\t<style>\/*! elementor - v3.21.0 - 08-05-2024 *\/\n.elementor-widget-text-editor.elementor-drop-cap-view-stacked .elementor-drop-cap{background-color:#69727d;color:#fff}.elementor-widget-text-editor.elementor-drop-cap-view-framed .elementor-drop-cap{color:#69727d;border:3px solid;background-color:transparent}.elementor-widget-text-editor:not(.elementor-drop-cap-view-default) .elementor-drop-cap{margin-top:8px}.elementor-widget-text-editor:not(.elementor-drop-cap-view-default) .elementor-drop-cap-letter{width:1em;height:1em}.elementor-widget-text-editor .elementor-drop-cap{float:left;text-align:center;line-height:1;font-size:50px}.elementor-widget-text-editor .elementor-drop-cap-letter{display:inline-block}<\/style>\t\t\t\t<p>Ing. Tom\u00e1\u0161 Za\u0165ko<\/p>\t\t\t\t\t\t<\/div>\n\t\t\t\t<\/div>\n\t\t\t\t<div class=\"elementor-element elementor-element-6826175 elementor-widget__width-initial elementor-widget elementor-widget-heading\" data-id=\"6826175\" data-element_type=\"widget\" data-widget_type=\"heading.default\">\n\t\t\t\t<div class=\"elementor-widget-container\">\n\t\t\t<h2 class=\"elementor-heading-title elementor-size-default\">Consult our expert<\/h2>\t\t<\/div>\n\t\t\t\t<\/div>\n\t\t\t\t<div class=\"elementor-element elementor-element-31cd8a5 elementor-widget elementor-widget-text-editor\" data-id=\"31cd8a5\" data-element_type=\"widget\" data-widget_type=\"text-editor.default\">\n\t\t\t\t<div class=\"elementor-widget-container\">\n\t\t\t\t\t\t\t<p>Our expert in the field of 3D printing offers you expert advice for optimizing printing processes according to your specific needs. With our know-how in technologies, materials and procedures, we guarantee you optimal results.<\/p>\t\t\t\t\t\t<\/div>\n\t\t\t\t<\/div>\n\t\t\t\t<div class=\"elementor-element elementor-element-1ebf2a2 elementor-align-center elementor-widget elementor-widget-button\" data-id=\"1ebf2a2\" data-element_type=\"widget\" data-widget_type=\"button.default\">\n\t\t\t\t<div class=\"elementor-widget-container\">\n\t\t\t\t\t<div class=\"elementor-button-wrapper\">\n\t\t\t<a class=\"elementor-button elementor-button-link elementor-size-md\" href=\"https:\/\/calendly.com\/tomas-zatko-layerfactory\/uvodni-konzultace-zdarma-free-initial-consultation\" target=\"_blank\">\n\t\t\t\t\t\t<span class=\"elementor-button-content-wrapper\">\n\t\t\t\t\t\t\t\t\t<span class=\"elementor-button-text\">Get in touch with us<\/span>\n\t\t\t\t\t<\/span>\n\t\t\t\t\t<\/a>\n\t\t<\/div>\n\t\t\t\t<\/div>\n\t\t\t\t<\/div>\n\t\t\t\t<\/div>\n\t\t\t\t\t<\/div>\n\t\t\t\t<\/div>\n\t\t<div class=\"elementor-element elementor-element-97c8435 e-flex e-con-boxed e-con e-parent\" data-id=\"97c8435\" data-element_type=\"container\">\n\t\t\t\t\t<div class=\"e-con-inner\">\n\t\t<div class=\"elementor-element elementor-element-09d8163 e-flex e-con-boxed e-con e-child\" data-id=\"09d8163\" data-element_type=\"container\">\n\t\t\t\t\t<div class=\"e-con-inner\">\n\t\t\t\t\t<\/div>\n\t\t\t\t<\/div>\n\t\t\t\t\t<\/div>\n\t\t\t\t<\/div>\n\t\t\t\t<\/div>","protected":false},"excerpt":{"rendered":"<p>Kontakt E-mail info@layerfactory.cz LayerFactory s.r.o. I\u010cO: 21621667 DI\u010c: CZ21621667 S\u00eddlo: Nov\u00e9 sady 988\/2, 602 00 Brno Provozovna: Vod\u00e1\u0159sk\u00e1 17, 619 00 Brno Telefon +420 731 187 728 Ing. Tom\u00e1\u0161 Za\u0165ko Pora\u010fte se s na\u0161\u00edm odborn\u00edkem N\u00e1\u0161 odborn\u00edk v oblasti 3D tisku V\u00e1m nab\u00edz\u00ed odborn\u00e9 poradenstv\u00ed pro optimalizaci tiskov\u00fdch proces\u016f podle va\u0161ich specifick\u00fdch pot\u0159eb. S na\u0161\u00edm [&hellip;]<\/p>","protected":false},"author":1,"featured_media":0,"parent":0,"menu_order":0,"comment_status":"closed","ping_status":"closed","template":"","meta":{"footnotes":""},"blocksy_meta":{"styles_descriptor":{"styles":{"desktop":"","tablet":"","mobile":""},"google_fonts":[],"version":6}},"yoast_head":"<!-- This site is optimized with the Yoast SEO plugin v22.6 - https:\/\/yoast.com\/wordpress\/plugins\/seo\/ -->\n<title>Kontakt - LayerFactory<\/title>\n<meta name=\"robots\" content=\"index, follow, max-snippet:-1, max-image-preview:large, max-video-preview:-1\" \/>\n<link rel=\"canonical\" href=\"https:\/\/layerfactory.cz\/en\/kontakt\/\" \/>\n<meta property=\"og:locale\" content=\"en_GB\" \/>\n<meta property=\"og:type\" content=\"article\" \/>\n<meta property=\"og:title\" content=\"Kontakt - LayerFactory\" \/>\n<meta property=\"og:description\" content=\"Kontakt E-mail info@layerfactory.cz LayerFactory s.r.o. I\u010cO: 21621667 DI\u010c: CZ21621667 S\u00eddlo: Nov\u00e9 sady 988\/2, 602 00 Brno Provozovna: Vod\u00e1\u0159sk\u00e1 17, 619 00 Brno Telefon +420 731 187 728 Ing. Tom\u00e1\u0161 Za\u0165ko Pora\u010fte se s na\u0161\u00edm odborn\u00edkem N\u00e1\u0161 odborn\u00edk v oblasti 3D tisku V\u00e1m nab\u00edz\u00ed odborn\u00e9 poradenstv\u00ed pro optimalizaci tiskov\u00fdch proces\u016f podle va\u0161ich specifick\u00fdch pot\u0159eb. S na\u0161\u00edm [&hellip;]\" \/>\n<meta property=\"og:url\" content=\"https:\/\/layerfactory.cz\/en\/kontakt\/\" \/>\n<meta property=\"og:site_name\" content=\"LayerFactory\" \/>\n<meta property=\"article:modified_time\" content=\"2025-04-04T06:49:51+00:00\" \/>\n<meta property=\"og:image\" content=\"https:\/\/layerfactory.cz\/wp-content\/uploads\/2024\/04\/IMG-45-1536x1024.jpg\" \/>\n<meta name=\"twitter:card\" content=\"summary_large_image\" \/>\n<meta name=\"twitter:label1\" content=\"Estimated reading time\" \/>\n\t<meta name=\"twitter:data1\" content=\"1 minute\" \/>\n<script type=\"application\/ld+json\" class=\"yoast-schema-graph\">{\"@context\":\"https:\/\/schema.org\",\"@graph\":[{\"@type\":\"WebPage\",\"@id\":\"https:\/\/layerfactory.cz\/kontakt\/\",\"url\":\"https:\/\/layerfactory.cz\/kontakt\/\",\"name\":\"Kontakt - LayerFactory\",\"isPartOf\":{\"@id\":\"https:\/\/layerfactory.cz\/#website\"},\"primaryImageOfPage\":{\"@id\":\"https:\/\/layerfactory.cz\/kontakt\/#primaryimage\"},\"image\":{\"@id\":\"https:\/\/layerfactory.cz\/kontakt\/#primaryimage\"},\"thumbnailUrl\":\"https:\/\/layerfactory.cz\/wp-content\/uploads\/2024\/04\/IMG-45-1536x1024.jpg\",\"datePublished\":\"2022-06-09T16:32:01+00:00\",\"dateModified\":\"2025-04-04T06:49:51+00:00\",\"breadcrumb\":{\"@id\":\"https:\/\/layerfactory.cz\/kontakt\/#breadcrumb\"},\"inLanguage\":\"en-GB\",\"potentialAction\":[{\"@type\":\"ReadAction\",\"target\":[\"https:\/\/layerfactory.cz\/kontakt\/\"]}]},{\"@type\":\"ImageObject\",\"inLanguage\":\"en-GB\",\"@id\":\"https:\/\/layerfactory.cz\/kontakt\/#primaryimage\",\"url\":\"https:\/\/layerfactory.cz\/wp-content\/uploads\/2024\/04\/IMG-45-1536x1024.jpg\",\"contentUrl\":\"https:\/\/layerfactory.cz\/wp-content\/uploads\/2024\/04\/IMG-45-1536x1024.jpg\"},{\"@type\":\"BreadcrumbList\",\"@id\":\"https:\/\/layerfactory.cz\/kontakt\/#breadcrumb\",\"itemListElement\":[{\"@type\":\"ListItem\",\"position\":1,\"name\":\"Dom\u016f\",\"item\":\"https:\/\/layerfactory.cz\/\"},{\"@type\":\"ListItem\",\"position\":2,\"name\":\"Kontakt\"}]},{\"@type\":\"WebSite\",\"@id\":\"https:\/\/layerfactory.cz\/#website\",\"url\":\"https:\/\/layerfactory.cz\/\",\"name\":\"LayerFactory\",\"description\":\"LayerFactory | V\u00e1\u0161 pr\u016fmyslov\u00fd dodavatel 3D tisku\",\"publisher\":{\"@id\":\"https:\/\/layerfactory.cz\/#organization\"},\"potentialAction\":[{\"@type\":\"SearchAction\",\"target\":{\"@type\":\"EntryPoint\",\"urlTemplate\":\"https:\/\/layerfactory.cz\/?s={search_term_string}\"},\"query-input\":\"required name=search_term_string\"}],\"inLanguage\":\"en-GB\"},{\"@type\":\"Organization\",\"@id\":\"https:\/\/layerfactory.cz\/#organization\",\"name\":\"LayerFactory\",\"url\":\"https:\/\/layerfactory.cz\/\",\"logo\":{\"@type\":\"ImageObject\",\"inLanguage\":\"en-GB\",\"@id\":\"https:\/\/layerfactory.cz\/#\/schema\/logo\/image\/\",\"url\":\"https:\/\/layerfactory.cz\/wp-content\/uploads\/2024\/05\/LAYER-FACTORY-LOGO-11.png\",\"contentUrl\":\"https:\/\/layerfactory.cz\/wp-content\/uploads\/2024\/05\/LAYER-FACTORY-LOGO-11.png\",\"width\":3442,\"height\":344,\"caption\":\"LayerFactory\"},\"image\":{\"@id\":\"https:\/\/layerfactory.cz\/#\/schema\/logo\/image\/\"}}]}<\/script>\n<!-- \/ Yoast SEO plugin. -->","yoast_head_json":{"title":"Kontakt - LayerFactory","robots":{"index":"index","follow":"follow","max-snippet":"max-snippet:-1","max-image-preview":"max-image-preview:large","max-video-preview":"max-video-preview:-1"},"canonical":"https:\/\/layerfactory.cz\/en\/kontakt\/","og_locale":"en_GB","og_type":"article","og_title":"Kontakt - LayerFactory","og_description":"Kontakt E-mail info@layerfactory.cz LayerFactory s.r.o. I\u010cO: 21621667 DI\u010c: CZ21621667 S\u00eddlo: Nov\u00e9 sady 988\/2, 602 00 Brno Provozovna: Vod\u00e1\u0159sk\u00e1 17, 619 00 Brno Telefon +420 731 187 728 Ing. Tom\u00e1\u0161 Za\u0165ko Pora\u010fte se s na\u0161\u00edm odborn\u00edkem N\u00e1\u0161 odborn\u00edk v oblasti 3D tisku V\u00e1m nab\u00edz\u00ed odborn\u00e9 poradenstv\u00ed pro optimalizaci tiskov\u00fdch proces\u016f podle va\u0161ich specifick\u00fdch pot\u0159eb. S na\u0161\u00edm [&hellip;]","og_url":"https:\/\/layerfactory.cz\/en\/kontakt\/","og_site_name":"LayerFactory","article_modified_time":"2025-04-04T06:49:51+00:00","og_image":[{"url":"https:\/\/layerfactory.cz\/wp-content\/uploads\/2024\/04\/IMG-45-1536x1024.jpg"}],"twitter_card":"summary_large_image","twitter_misc":{"Estimated reading time":"1 minute"},"schema":{"@context":"https:\/\/schema.org","@graph":[{"@type":"WebPage","@id":"https:\/\/layerfactory.cz\/kontakt\/","url":"https:\/\/layerfactory.cz\/kontakt\/","name":"Kontakt - LayerFactory","isPartOf":{"@id":"https:\/\/layerfactory.cz\/#website"},"primaryImageOfPage":{"@id":"https:\/\/layerfactory.cz\/kontakt\/#primaryimage"},"image":{"@id":"https:\/\/layerfactory.cz\/kontakt\/#primaryimage"},"thumbnailUrl":"https:\/\/layerfactory.cz\/wp-content\/uploads\/2024\/04\/IMG-45-1536x1024.jpg","datePublished":"2022-06-09T16:32:01+00:00","dateModified":"2025-04-04T06:49:51+00:00","breadcrumb":{"@id":"https:\/\/layerfactory.cz\/kontakt\/#breadcrumb"},"inLanguage":"en-GB","potentialAction":[{"@type":"ReadAction","target":["https:\/\/layerfactory.cz\/kontakt\/"]}]},{"@type":"ImageObject","inLanguage":"en-GB","@id":"https:\/\/layerfactory.cz\/kontakt\/#primaryimage","url":"https:\/\/layerfactory.cz\/wp-content\/uploads\/2024\/04\/IMG-45-1536x1024.jpg","contentUrl":"https:\/\/layerfactory.cz\/wp-content\/uploads\/2024\/04\/IMG-45-1536x1024.jpg"},{"@type":"BreadcrumbList","@id":"https:\/\/layerfactory.cz\/kontakt\/#breadcrumb","itemListElement":[{"@type":"ListItem","position":1,"name":"Dom\u016f","item":"https:\/\/layerfactory.cz\/"},{"@type":"ListItem","position":2,"name":"Kontakt"}]},{"@type":"WebSite","@id":"https:\/\/layerfactory.cz\/#website","url":"https:\/\/layerfactory.cz\/","name":"LayerFactory","description":"LayerFactory | V\u00e1\u0161 pr\u016fmyslov\u00fd dodavatel 3D tisku","publisher":{"@id":"https:\/\/layerfactory.cz\/#organization"},"potentialAction":[{"@type":"SearchAction","target":{"@type":"EntryPoint","urlTemplate":"https:\/\/layerfactory.cz\/?s={search_term_string}"},"query-input":"required name=search_term_string"}],"inLanguage":"en-GB"},{"@type":"Organization","@id":"https:\/\/layerfactory.cz\/#organization","name":"LayerFactory","url":"https:\/\/layerfactory.cz\/","logo":{"@type":"ImageObject","inLanguage":"en-GB","@id":"https:\/\/layerfactory.cz\/#\/schema\/logo\/image\/","url":"https:\/\/layerfactory.cz\/wp-content\/uploads\/2024\/05\/LAYER-FACTORY-LOGO-11.png","contentUrl":"https:\/\/layerfactory.cz\/wp-content\/uploads\/2024\/05\/LAYER-FACTORY-LOGO-11.png","width":3442,"height":344,"caption":"LayerFactory"},"image":{"@id":"https:\/\/layerfactory.cz\/#\/schema\/logo\/image\/"}}]}},"_links":{"self":[{"href":"https:\/\/layerfactory.cz\/en\/wp-json\/wp\/v2\/pages\/785"}],"collection":[{"href":"https:\/\/layerfactory.cz\/en\/wp-json\/wp\/v2\/pages"}],"about":[{"href":"https:\/\/layerfactory.cz\/en\/wp-json\/wp\/v2\/types\/page"}],"author":[{"embeddable":true,"href":"https:\/\/layerfactory.cz\/en\/wp-json\/wp\/v2\/users\/1"}],"replies":[{"embeddable":true,"href":"https:\/\/layerfactory.cz\/en\/wp-json\/wp\/v2\/comments?post=785"}],"version-history":[{"count":6,"href":"https:\/\/layerfactory.cz\/en\/wp-json\/wp\/v2\/pages\/785\/revisions"}],"predecessor-version":[{"id":3508,"href":"https:\/\/layerfactory.cz\/en\/wp-json\/wp\/v2\/pages\/785\/revisions\/3508"}],"wp:attachment":[{"href":"https:\/\/layerfactory.cz\/en\/wp-json\/wp\/v2\/media?parent=785"}],"curies":[{"name":"wp","href":"https:\/\/api.w.org\/{rel}","templated":true}]}}